{"id":989,"date":"2025-03-07T12:40:23","date_gmt":"2025-03-07T12:40:23","guid":{"rendered":"https:\/\/peepraun.ee\/?page_id=989"},"modified":"2025-03-10T11:20:49","modified_gmt":"2025-03-10T11:20:49","slug":"elementor-989","status":"publish","type":"page","link":"https:\/\/www.peepraun.ee\/?page_id=989","title":{"rendered":"Konferansjee"},"content":{"rendered":"\t\t<div data-elementor-type=\"wp-page\" data-elementor-id=\"989\" class=\"elementor elementor-989\">\n\t\t\t\t<div class=\"elementor-element elementor-element-9fb932f e-flex e-con-boxed e-con e-parent\" data-id=\"9fb932f\" data-element_type=\"container\" data-e-type=\"container\">\n\t\t\t\t\t<div class=\"e-con-inner\">\n\t\t\t\t<div class=\"elementor-element elementor-element-fcdd832 elementor-widget__width-initial elementor-widget elementor-widget-text-editor\" data-id=\"fcdd832\" data-element_type=\"widget\" data-e-type=\"widget\" data-widget_type=\"text-editor.default\">\n\t\t\t\t<div class=\"elementor-widget-container\">\n\t\t\t\t\t\t\t\t\t<h3 style=\"text-align: center;\">Konferansjee Peojuht<\/h3>\t\t\t\t\t\t\t\t<\/div>\n\t\t\t\t<\/div>\n\t\t\t\t\t<\/div>\n\t\t\t\t<\/div>\n\t\t<div class=\"elementor-element elementor-element-16bfce0 e-flex e-con-boxed e-con e-parent\" data-id=\"16bfce0\" data-element_type=\"container\" data-e-type=\"container\">\n\t\t\t\t\t<div class=\"e-con-inner\">\n\t\t\t\t<div class=\"elementor-element elementor-element-2808aba elementor-widget-divider--view-line elementor-widget elementor-widget-divider\" data-id=\"2808aba\" data-element_type=\"widget\" data-e-type=\"widget\" data-widget_type=\"divider.default\">\n\t\t\t\t<div class=\"elementor-widget-container\">\n\t\t\t\t\t\t\t<div class=\"elementor-divider\">\n\t\t\t<span class=\"elementor-divider-separator\">\n\t\t\t\t\t\t<\/span>\n\t\t<\/div>\n\t\t\t\t\t\t<\/div>\n\t\t\t\t<\/div>\n\t\t\t\t\t<\/div>\n\t\t\t\t<\/div>\n\t\t<div class=\"elementor-element elementor-element-f4d7563 e-grid e-con-boxed e-con e-parent\" data-id=\"f4d7563\" data-element_type=\"container\" data-e-type=\"container\">\n\t\t\t\t\t<div class=\"e-con-inner\">\n\t\t\t\t<div class=\"elementor-element elementor-element-9270df6 elementor-widget elementor-widget-image\" data-id=\"9270df6\" data-element_type=\"widget\" data-e-type=\"widget\" data-widget_type=\"image.default\">\n\t\t\t\t<div class=\"elementor-widget-container\">\n\t\t\t\t\t\t\t\t\t\t\t\t\t\t\t<img fetchpriority=\"high\" decoding=\"async\" width=\"768\" height=\"1024\" src=\"https:\/\/peepraun.ee\/wp-content\/uploads\/2025\/03\/Peep-Raun-konferansjee-768x1024.jpg\" class=\"attachment-large size-large wp-image-1048\" alt=\"\" srcset=\"https:\/\/peepraun.ee\/wp-content\/uploads\/2025\/03\/Peep-Raun-konferansjee-768x1024.jpg 768w, https:\/\/peepraun.ee\/wp-content\/uploads\/2025\/03\/Peep-Raun-konferansjee-225x300.jpg 225w, https:\/\/peepraun.ee\/wp-content\/uploads\/2025\/03\/Peep-Raun-konferansjee-1152x1536.jpg 1152w, https:\/\/peepraun.ee\/wp-content\/uploads\/2025\/03\/Peep-Raun-konferansjee-1536x2048.jpg 1536w, https:\/\/peepraun.ee\/wp-content\/uploads\/2025\/03\/Peep-Raun-konferansjee-1000x1333.jpg 1000w, https:\/\/peepraun.ee\/wp-content\/uploads\/2025\/03\/Peep-Raun-konferansjee-230x307.jpg 230w, https:\/\/peepraun.ee\/wp-content\/uploads\/2025\/03\/Peep-Raun-konferansjee-350x467.jpg 350w, https:\/\/peepraun.ee\/wp-content\/uploads\/2025\/03\/Peep-Raun-konferansjee-480x640.jpg 480w, https:\/\/peepraun.ee\/wp-content\/uploads\/2025\/03\/Peep-Raun-konferansjee-scaled.jpg 1920w\" sizes=\"(max-width: 768px) 100vw, 768px\" \/>\t\t\t\t\t\t\t\t\t\t\t\t\t\t\t<\/div>\n\t\t\t\t<\/div>\n\t\t\t\t<div class=\"elementor-element elementor-element-efd3df7 elementor-widget elementor-widget-text-editor\" data-id=\"efd3df7\" data-element_type=\"widget\" data-e-type=\"widget\" data-widget_type=\"text-editor.default\">\n\t\t\t\t<div class=\"elementor-widget-container\">\n\t\t\t\t\t\t\t\t\t<p class=\"zfr3Q CDt4Ke \" dir=\"ltr\" style=\"text-align: left;\"><span class=\"C9DxTc \">Selleks, et Teie juubel, ettev\u00f5tte t\u00e4htp\u00e4ev v\u00f5i m\u00f5ni muu pidulik s\u00fcndmus oleks nii Teie kui ka k\u00f5ikide k\u00fclaliste jaoks t\u00f5eliselt nauditav, on t\u00e4htp\u00e4eva t\u00e4ieliku \u00f5nnestumise lahutamatuks osaks kogenud konferansjee.<\/span><\/p><p class=\"zfr3Q CDt4Ke \" dir=\"ltr\"><span class=\"C9DxTc \">S\u00fcndmuse \u00f5nnestumiseks on oluline koost\u00f6\u00f6s konferansjeega\/\u00f5htujuhiga koostada \u00f5htu programm ja panna paika ajakava. <\/span><\/p><p class=\"zfr3Q CDt4Ke \" dir=\"ltr\"><span class=\"C9DxTc \">Konferansjee v\u00f5tab vastu Teie k\u00fclalised, juhatab sisse k\u00f5nesid, s\u00fcndmuseid ning etteasteid. Ta koordineerib teie peo heaks tegutseva meeskonna (<\/span><span class=\"C9DxTc \">catering<\/span><span class=\"C9DxTc \">, fotograaf jne) t\u00f6\u00f6d ning on kontaktisik teie kutsutud k\u00fclalistele.<\/span><\/p><p dir=\"ltr\"><span class=\"C9DxTc \">Peep Raunil on konferansjee ning \u00f5htujuhina aastak\u00fcmnetepikkune kogemus. Ta leiab koost\u00f6\u00f6s teiega parima viisi, kuidas sisustada kutsutud k\u00fclaliste \u00f5htut v\u00f5imalikult meeleolukalt, viies l\u00e4bi nii p\u00f5nevaid viktoriine kui ka mitmek\u00fclgseid m\u00e4ngulisi tegevusi.<\/span><\/p><p dir=\"ltr\">\u00a0<\/p><p class=\"zfr3Q CDt4Ke \" dir=\"ltr\">\u00a0<\/p>\t\t\t\t\t\t\t\t<\/div>\n\t\t\t\t<\/div>\n\t\t\t\t<div class=\"elementor-element elementor-element-4e15ad8 elementor-widget elementor-widget-image\" data-id=\"4e15ad8\" data-element_type=\"widget\" data-e-type=\"widget\" data-widget_type=\"image.default\">\n\t\t\t\t<div class=\"elementor-widget-container\">\n\t\t\t\t\t\t\t\t\t\t\t\t\t\t\t<img decoding=\"async\" width=\"1024\" height=\"683\" src=\"https:\/\/peepraun.ee\/wp-content\/uploads\/2025\/03\/KONFERANSJEE-P.R-1024x683.jpg\" class=\"attachment-large size-large wp-image-991\" alt=\"\" srcset=\"https:\/\/peepraun.ee\/wp-content\/uploads\/2025\/03\/KONFERANSJEE-P.R-1024x683.jpg 1024w, https:\/\/peepraun.ee\/wp-content\/uploads\/2025\/03\/KONFERANSJEE-P.R-300x200.jpg 300w, https:\/\/peepraun.ee\/wp-content\/uploads\/2025\/03\/KONFERANSJEE-P.R-768x512.jpg 768w, https:\/\/peepraun.ee\/wp-content\/uploads\/2025\/03\/KONFERANSJEE-P.R-1536x1024.jpg 1536w, https:\/\/peepraun.ee\/wp-content\/uploads\/2025\/03\/KONFERANSJEE-P.R-2048x1365.jpg 2048w, https:\/\/peepraun.ee\/wp-content\/uploads\/2025\/03\/KONFERANSJEE-P.R-1000x667.jpg 1000w, https:\/\/peepraun.ee\/wp-content\/uploads\/2025\/03\/KONFERANSJEE-P.R-230x153.jpg 230w, https:\/\/peepraun.ee\/wp-content\/uploads\/2025\/03\/KONFERANSJEE-P.R-350x233.jpg 350w, https:\/\/peepraun.ee\/wp-content\/uploads\/2025\/03\/KONFERANSJEE-P.R-480x320.jpg 480w\" sizes=\"(max-width: 1024px) 100vw, 1024px\" \/>\t\t\t\t\t\t\t\t\t\t\t\t\t\t\t<\/div>\n\t\t\t\t<\/div>\n\t\t\t\t<div class=\"elementor-element elementor-element-8ba49e4 elementor-widget elementor-widget-text-editor\" data-id=\"8ba49e4\" data-element_type=\"widget\" data-e-type=\"widget\" data-widget_type=\"text-editor.default\">\n\t\t\t\t<div class=\"elementor-widget-container\">\n\t\t\t\t\t\t\t\t\t<p class=\"zfr3Q CDt4Ke \" dir=\"ltr\"><span class=\"C9DxTc \">Konferansjee vastutab selle eest, et Teie juubelil, ettev\u00f5tte t\u00e4htp\u00e4eval aga ka teistel pidulikel s\u00fcndmustel oleksid k\u00fclalised v\u00e4\u00e4riliselt vastu v\u00f5etud ning peokava professionaalselt \u00fcles ehitatud. Peep Rauni aastak\u00fcmnetepikkune kogemus \u00f5htujuhi ja konferansjeena annab kindlustunde Teie s\u00fcndmuse v\u00e4\u00e4riliseks ning meeldej\u00e4\u00e4vaks l\u00e4biviimiseks.<\/span><\/p><p dir=\"ltr\"><span class=\"C9DxTc \">Olenevalt Teie peo omap\u00e4rast ja stiilist, pakub Peep Raun teie jaoks mugava ja soodsa terviklahenduse ning soovitab Teie peole ka sobiva <a href=\"https:\/\/peepraun.ee\/muusikakollektiivid\/\">muusikakollektiivi<\/a>.<\/span><\/p>\t\t\t\t\t\t\t\t<\/div>\n\t\t\t\t<\/div>\n\t\t\t\t\t<\/div>\n\t\t\t\t<\/div>\n\t\t\t\t<\/div>\n\t\t","protected":false},"excerpt":{"rendered":"<p>Konferansjee Peojuht Selleks, et Teie juubel, ettev\u00f5tte t\u00e4htp\u00e4ev v\u00f5i m\u00f5ni muu pidulik s\u00fcndmus oleks nii Teie kui ka k\u00f5ikide k\u00fclaliste jaoks t\u00f5eliselt [&hellip;]<\/p>\n","protected":false},"author":1,"featured_media":0,"parent":0,"menu_order":0,"comment_status":"closed","ping_status":"closed","template":"","meta":{"footnotes":""},"class_list":["post-989","page","type-page","status-publish","hentry"],"_links":{"self":[{"href":"https:\/\/www.peepraun.ee\/index.php?rest_route=\/wp\/v2\/pages\/989","targetHints":{"allow":["GET"]}}],"collection":[{"href":"https:\/\/www.peepraun.ee\/index.php?rest_route=\/wp\/v2\/pages"}],"about":[{"href":"https:\/\/www.peepraun.ee\/index.php?rest_route=\/wp\/v2\/types\/page"}],"author":[{"embeddable":true,"href":"https:\/\/www.peepraun.ee\/index.php?rest_route=\/wp\/v2\/users\/1"}],"replies":[{"embeddable":true,"href":"https:\/\/www.peepraun.ee\/index.php?rest_route=%2Fwp%2Fv2%2Fcomments&post=989"}],"version-history":[{"count":5,"href":"https:\/\/www.peepraun.ee\/index.php?rest_route=\/wp\/v2\/pages\/989\/revisions"}],"predecessor-version":[{"id":1146,"href":"https:\/\/www.peepraun.ee\/index.php?rest_route=\/wp\/v2\/pages\/989\/revisions\/1146"}],"wp:attachment":[{"href":"https:\/\/www.peepraun.ee\/index.php?rest_route=%2Fwp%2Fv2%2Fmedia&parent=989"}],"curies":[{"name":"wp","href":"https:\/\/api.w.org\/{rel}","templated":true}]}}