{"id":832,"date":"2025-03-04T20:12:47","date_gmt":"2025-03-04T20:12:47","guid":{"rendered":"https:\/\/peepraun.ee\/?page_id=832"},"modified":"2025-03-10T11:19:16","modified_gmt":"2025-03-10T11:19:16","slug":"elementor-832","status":"publish","type":"page","link":"https:\/\/www.peepraun.ee\/","title":{"rendered":"Peep Raun"},"content":{"rendered":"\t\t<div data-elementor-type=\"wp-page\" data-elementor-id=\"832\" class=\"elementor elementor-832\">\n\t\t\t\t<div class=\"elementor-element elementor-element-c2943b9 e-flex e-con-boxed e-con e-parent\" data-id=\"c2943b9\" data-element_type=\"container\" data-e-type=\"container\">\n\t\t\t\t\t<div class=\"e-con-inner\">\n\t\t\t\t<div class=\"elementor-element elementor-element-dd6eb97 elementor-widget-divider--view-line elementor-widget elementor-widget-divider\" data-id=\"dd6eb97\" data-element_type=\"widget\" data-e-type=\"widget\" data-widget_type=\"divider.default\">\n\t\t\t\t<div class=\"elementor-widget-container\">\n\t\t\t\t\t\t\t<div class=\"elementor-divider\">\n\t\t\t<span class=\"elementor-divider-separator\">\n\t\t\t\t\t\t<\/span>\n\t\t<\/div>\n\t\t\t\t\t\t<\/div>\n\t\t\t\t<\/div>\n\t\t\t\t\t<\/div>\n\t\t\t\t<\/div>\n\t\t<div class=\"elementor-element elementor-element-57aca35 e-flex e-con-boxed e-con e-parent\" data-id=\"57aca35\" data-element_type=\"container\" data-e-type=\"container\">\n\t\t\t\t\t<div class=\"e-con-inner\">\n\t\t\t\t<div class=\"elementor-element elementor-element-10c92c4 elementor-invisible elementor-widget elementor-widget-text-editor\" data-id=\"10c92c4\" data-element_type=\"widget\" data-e-type=\"widget\" data-settings=\"{&quot;_animation&quot;:&quot;fadeInLeft&quot;}\" data-widget_type=\"text-editor.default\">\n\t\t\t\t<div class=\"elementor-widget-container\">\n\t\t\t\t\t\t\t\t\t<h2 style=\"text-align: center;\"><span class=\"C9DxTc \">Teie pidulikud s\u00fcndmused suurep\u00e4rasest ideest professionaalse teostuseni.<\/span><\/h2>\t\t\t\t\t\t\t\t<\/div>\n\t\t\t\t<\/div>\n\t\t\t\t\t<\/div>\n\t\t\t\t<\/div>\n\t\t<div class=\"elementor-element elementor-element-712d198 e-flex e-con-boxed e-con e-parent\" data-id=\"712d198\" data-element_type=\"container\" data-e-type=\"container\">\n\t\t\t\t\t<div class=\"e-con-inner\">\n\t\t<div class=\"elementor-element elementor-element-9f22b53 e-con-full e-flex e-con e-child\" data-id=\"9f22b53\" data-element_type=\"container\" data-e-type=\"container\">\n\t\t\t\t<div class=\"elementor-element elementor-element-8ad8d5e elementor-widget elementor-widget-image\" data-id=\"8ad8d5e\" data-element_type=\"widget\" data-e-type=\"widget\" data-widget_type=\"image.default\">\n\t\t\t\t<div class=\"elementor-widget-container\">\n\t\t\t\t\t\t\t\t\t\t\t\t\t\t\t<img fetchpriority=\"high\" decoding=\"async\" width=\"640\" height=\"960\" src=\"https:\/\/www.peepraun.ee\/wp-content\/uploads\/2025\/03\/Peep-Raun-paevajuht-1.jpg\" class=\"attachment-large size-large wp-image-1024\" alt=\"\" srcset=\"https:\/\/www.peepraun.ee\/wp-content\/uploads\/2025\/03\/Peep-Raun-paevajuht-1.jpg 640w, https:\/\/www.peepraun.ee\/wp-content\/uploads\/2025\/03\/Peep-Raun-paevajuht-1-200x300.jpg 200w, https:\/\/www.peepraun.ee\/wp-content\/uploads\/2025\/03\/Peep-Raun-paevajuht-1-230x345.jpg 230w, https:\/\/www.peepraun.ee\/wp-content\/uploads\/2025\/03\/Peep-Raun-paevajuht-1-350x525.jpg 350w, https:\/\/www.peepraun.ee\/wp-content\/uploads\/2025\/03\/Peep-Raun-paevajuht-1-480x720.jpg 480w\" sizes=\"(max-width: 640px) 100vw, 640px\" \/>\t\t\t\t\t\t\t\t\t\t\t\t\t\t\t<\/div>\n\t\t\t\t<\/div>\n\t\t\t\t<\/div>\n\t\t<div class=\"elementor-element elementor-element-eeede17 e-con-full e-flex e-con e-child\" data-id=\"eeede17\" data-element_type=\"container\" data-e-type=\"container\">\n\t\t\t\t<div class=\"elementor-element elementor-element-6daa39b elementor-widget elementor-widget-text-editor\" data-id=\"6daa39b\" data-element_type=\"widget\" data-e-type=\"widget\" data-widget_type=\"text-editor.default\">\n\t\t\t\t<div class=\"elementor-widget-container\">\n\t\t\t\t\t\t\t\t\t<p>Peep Raun on Eesti pulmamaastiku raudvara, silmapaistev muusik ja peojuht &#8211; konferansjee ning pulmavanem.<\/p><p>Kui olete planeerimas oma stiilset juubelit, pidulikku ettev\u00f5tte t\u00e4htp\u00e4eva, stiilipidu v\u00f5i unistuste pulma, siis v\u00f5tke lahkesti \u00fchendust \u2013 v\u00e4\u00e4rikas kogemuste pagas ning professionaalne l\u00e4henemine aitab Teie t\u00e4htp\u00e4evast teha meeldej\u00e4\u00e4va piduliku s\u00fcndmuse.<\/p><p>Peojuhina koostame koos Teiega peokava, mida t\u00e4iendame, vastavalt Teie soovile ja viime ellu Teie piduliku s\u00fcndmuse. Professionaalse pulmavanema, konferansjee ning muusikuna olen korraldanud tuhandeid pidulikke s\u00fcndmusi.<\/p><p>Peep Rauni iseloomustab professionaalsus, p\u00fchendumus, usaldusv\u00e4\u00e4rsus ja mitmek\u00fclgsus &#8211; kultuur ning muusika on osad tema igap\u00e4evaelust. Ta on l\u00f5petanud Eesti Muusika- ja Teatriakadeemia (endine Tallinna Riiklik Konservatoorium) koorijuhi\/ muusikapedagoogi eriala ja Teater \u201cVanalinnastuudio\u201d Eino Baskini \u00f5ppestuudio n\u00e4itleja eriala.<\/p><p>T\u00f6\u00f6d &amp; teostused: Eesti Meelelahutajate Liit Jokker president, Harjumaa Kultuurikorraldajate Liidu juhatuse esimees, Keila-Joa \u201eRipssildade kontserdi\u201c ja Keila Pargikontserdi idee autor ning korraldaja, Keila Kultuurikeskuse kunstiline juht. Musitseerib mitmetes muusikalistes koosseisudes \u2013 Kreeka Muusika Ansambel \u201eZorbas\u201c, Keila Kaunimate Agulih\u00e4rrade Vennaskond, Merelaulud koos Marko Matverega jm.<\/p>\t\t\t\t\t\t\t\t<\/div>\n\t\t\t\t<\/div>\n\t\t\t\t<\/div>\n\t\t\t\t\t<\/div>\n\t\t\t\t<\/div>\n\t\t<div class=\"elementor-element elementor-element-c93dfb7 e-flex e-con-boxed e-con e-parent\" data-id=\"c93dfb7\" data-element_type=\"container\" data-e-type=\"container\">\n\t\t\t\t\t<div class=\"e-con-inner\">\n\t\t\t\t<div class=\"elementor-element elementor-element-a639d9f elementor-widget__width-initial elementor-widget elementor-widget-text-editor\" data-id=\"a639d9f\" data-element_type=\"widget\" data-e-type=\"widget\" data-widget_type=\"text-editor.default\">\n\t\t\t\t<div class=\"elementor-widget-container\">\n\t\t\t\t\t\t\t\t\t<h2 style=\"text-align: center;\">Muusikakollektiivid Teie pidulikule s\u00fcndmusele<\/h2>\t\t\t\t\t\t\t\t<\/div>\n\t\t\t\t<\/div>\n\t\t\t\t\t<\/div>\n\t\t\t\t<\/div>\n\t\t<div class=\"elementor-element elementor-element-d6c1bc3 e-con-full e-flex e-con e-parent\" data-id=\"d6c1bc3\" data-element_type=\"container\" data-e-type=\"container\">\n\t\t<div class=\"elementor-element elementor-element-02dd784 e-con-full e-flex e-con e-child\" data-id=\"02dd784\" data-element_type=\"container\" data-e-type=\"container\">\n\t\t\t\t<div class=\"elementor-element elementor-element-392fb3c elementor-widget__width-initial elementor-widget elementor-widget-image\" data-id=\"392fb3c\" data-element_type=\"widget\" data-e-type=\"widget\" data-widget_type=\"image.default\">\n\t\t\t\t<div class=\"elementor-widget-container\">\n\t\t\t\t\t\t\t\t\t\t\t\t<figure class=\"wp-caption\">\n\t\t\t\t\t\t\t\t\t\t\t<a href=\"https:\/\/peepraun.ee\/muusikakollektiivid\/\" target=\"_blank\">\n\t\t\t\t\t\t\t<img decoding=\"async\" width=\"1024\" height=\"683\" src=\"https:\/\/www.peepraun.ee\/wp-content\/uploads\/2025\/03\/KEILA-KAUNIMATE-AGULIHARRADE-VENNASKOND-1024x683.jpg\" class=\"attachment-large size-large wp-image-839\" alt=\"\" srcset=\"https:\/\/www.peepraun.ee\/wp-content\/uploads\/2025\/03\/KEILA-KAUNIMATE-AGULIHARRADE-VENNASKOND-1024x683.jpg 1024w, https:\/\/www.peepraun.ee\/wp-content\/uploads\/2025\/03\/KEILA-KAUNIMATE-AGULIHARRADE-VENNASKOND-300x200.jpg 300w, https:\/\/www.peepraun.ee\/wp-content\/uploads\/2025\/03\/KEILA-KAUNIMATE-AGULIHARRADE-VENNASKOND-768x512.jpg 768w, https:\/\/www.peepraun.ee\/wp-content\/uploads\/2025\/03\/KEILA-KAUNIMATE-AGULIHARRADE-VENNASKOND-1536x1024.jpg 1536w, https:\/\/www.peepraun.ee\/wp-content\/uploads\/2025\/03\/KEILA-KAUNIMATE-AGULIHARRADE-VENNASKOND-1000x667.jpg 1000w, https:\/\/www.peepraun.ee\/wp-content\/uploads\/2025\/03\/KEILA-KAUNIMATE-AGULIHARRADE-VENNASKOND-230x153.jpg 230w, https:\/\/www.peepraun.ee\/wp-content\/uploads\/2025\/03\/KEILA-KAUNIMATE-AGULIHARRADE-VENNASKOND-350x233.jpg 350w, https:\/\/www.peepraun.ee\/wp-content\/uploads\/2025\/03\/KEILA-KAUNIMATE-AGULIHARRADE-VENNASKOND-480x320.jpg 480w, https:\/\/www.peepraun.ee\/wp-content\/uploads\/2025\/03\/KEILA-KAUNIMATE-AGULIHARRADE-VENNASKOND.jpg 2048w\" sizes=\"(max-width: 1024px) 100vw, 1024px\" \/>\t\t\t\t\t\t\t\t<\/a>\n\t\t\t\t\t\t\t\t\t\t\t<figcaption class=\"widget-image-caption wp-caption-text\">Keila Kaunimate Agulih\u00e4rrade Vennaskond<\/figcaption>\n\t\t\t\t\t\t\t\t\t\t<\/figure>\n\t\t\t\t\t\t\t\t\t<\/div>\n\t\t\t\t<\/div>\n\t\t\t\t<\/div>\n\t\t<div class=\"elementor-element elementor-element-0c41f40 e-con-full e-flex e-con e-child\" data-id=\"0c41f40\" data-element_type=\"container\" data-e-type=\"container\">\n\t\t\t\t<div class=\"elementor-element elementor-element-c1ecc2c elementor-widget__width-initial elementor-widget elementor-widget-image\" data-id=\"c1ecc2c\" data-element_type=\"widget\" data-e-type=\"widget\" data-widget_type=\"image.default\">\n\t\t\t\t<div class=\"elementor-widget-container\">\n\t\t\t\t\t\t\t\t\t\t\t\t<figure class=\"wp-caption\">\n\t\t\t\t\t\t\t\t\t\t\t<a href=\"https:\/\/peepraun.ee\/muusikakollektiivid\/\" target=\"_blank\">\n\t\t\t\t\t\t\t<img decoding=\"async\" width=\"1024\" height=\"771\" src=\"https:\/\/www.peepraun.ee\/wp-content\/uploads\/2025\/03\/Kreeka-Muusika-Ansambel-ZORBAS-foto-1024x771.jpg\" class=\"attachment-large size-large wp-image-810\" alt=\"\" srcset=\"https:\/\/www.peepraun.ee\/wp-content\/uploads\/2025\/03\/Kreeka-Muusika-Ansambel-ZORBAS-foto-1024x771.jpg 1024w, https:\/\/www.peepraun.ee\/wp-content\/uploads\/2025\/03\/Kreeka-Muusika-Ansambel-ZORBAS-foto-300x226.jpg 300w, https:\/\/www.peepraun.ee\/wp-content\/uploads\/2025\/03\/Kreeka-Muusika-Ansambel-ZORBAS-foto-768x578.jpg 768w, https:\/\/www.peepraun.ee\/wp-content\/uploads\/2025\/03\/Kreeka-Muusika-Ansambel-ZORBAS-foto-1536x1157.jpg 1536w, https:\/\/www.peepraun.ee\/wp-content\/uploads\/2025\/03\/Kreeka-Muusika-Ansambel-ZORBAS-foto-2048x1542.jpg 2048w, https:\/\/www.peepraun.ee\/wp-content\/uploads\/2025\/03\/Kreeka-Muusika-Ansambel-ZORBAS-foto-1000x753.jpg 1000w, https:\/\/www.peepraun.ee\/wp-content\/uploads\/2025\/03\/Kreeka-Muusika-Ansambel-ZORBAS-foto-230x173.jpg 230w, https:\/\/www.peepraun.ee\/wp-content\/uploads\/2025\/03\/Kreeka-Muusika-Ansambel-ZORBAS-foto-350x264.jpg 350w, https:\/\/www.peepraun.ee\/wp-content\/uploads\/2025\/03\/Kreeka-Muusika-Ansambel-ZORBAS-foto-480x361.jpg 480w\" sizes=\"(max-width: 1024px) 100vw, 1024px\" \/>\t\t\t\t\t\t\t\t<\/a>\n\t\t\t\t\t\t\t\t\t\t\t<figcaption class=\"widget-image-caption wp-caption-text\">Kreekamuusika ansambel Zorbas<\/figcaption>\n\t\t\t\t\t\t\t\t\t\t<\/figure>\n\t\t\t\t\t\t\t\t\t<\/div>\n\t\t\t\t<\/div>\n\t\t\t\t<\/div>\n\t\t<div class=\"elementor-element elementor-element-b016e6b e-con-full e-flex e-con e-child\" data-id=\"b016e6b\" data-element_type=\"container\" data-e-type=\"container\">\n\t\t\t\t<div class=\"elementor-element elementor-element-72a2d6c elementor-widget__width-initial elementor-widget elementor-widget-image\" data-id=\"72a2d6c\" data-element_type=\"widget\" data-e-type=\"widget\" data-widget_type=\"image.default\">\n\t\t\t\t<div class=\"elementor-widget-container\">\n\t\t\t\t\t\t\t\t\t\t\t\t<figure class=\"wp-caption\">\n\t\t\t\t\t\t\t\t\t\t\t<a href=\"https:\/\/peepraun.ee\/muusikakollektiivid\/\" target=\"_blank\">\n\t\t\t\t\t\t\t<img loading=\"lazy\" decoding=\"async\" width=\"800\" height=\"517\" src=\"https:\/\/www.peepraun.ee\/wp-content\/uploads\/2025\/03\/Plakat.-Merelaulude-kontsert-MULLE-MEELDIB-MAA.-Marko-Matvere-Peep-Raun.jpg\" class=\"attachment-large size-large wp-image-873\" alt=\"\" srcset=\"https:\/\/www.peepraun.ee\/wp-content\/uploads\/2025\/03\/Plakat.-Merelaulude-kontsert-MULLE-MEELDIB-MAA.-Marko-Matvere-Peep-Raun.jpg 800w, https:\/\/www.peepraun.ee\/wp-content\/uploads\/2025\/03\/Plakat.-Merelaulude-kontsert-MULLE-MEELDIB-MAA.-Marko-Matvere-Peep-Raun-300x194.jpg 300w, https:\/\/www.peepraun.ee\/wp-content\/uploads\/2025\/03\/Plakat.-Merelaulude-kontsert-MULLE-MEELDIB-MAA.-Marko-Matvere-Peep-Raun-768x496.jpg 768w, https:\/\/www.peepraun.ee\/wp-content\/uploads\/2025\/03\/Plakat.-Merelaulude-kontsert-MULLE-MEELDIB-MAA.-Marko-Matvere-Peep-Raun-230x149.jpg 230w, https:\/\/www.peepraun.ee\/wp-content\/uploads\/2025\/03\/Plakat.-Merelaulude-kontsert-MULLE-MEELDIB-MAA.-Marko-Matvere-Peep-Raun-350x226.jpg 350w, https:\/\/www.peepraun.ee\/wp-content\/uploads\/2025\/03\/Plakat.-Merelaulude-kontsert-MULLE-MEELDIB-MAA.-Marko-Matvere-Peep-Raun-480x310.jpg 480w\" sizes=\"(max-width: 800px) 100vw, 800px\" \/>\t\t\t\t\t\t\t\t<\/a>\n\t\t\t\t\t\t\t\t\t\t\t<figcaption class=\"widget-image-caption wp-caption-text\">Marko Matvere ja Peep Raun \"Merelaulud ehk mulle meeldib maa\"<\/figcaption>\n\t\t\t\t\t\t\t\t\t\t<\/figure>\n\t\t\t\t\t\t\t\t\t<\/div>\n\t\t\t\t<\/div>\n\t\t\t\t<\/div>\n\t\t\t\t<\/div>\n\t\t\t\t<\/div>\n\t\t","protected":false},"excerpt":{"rendered":"<p>Teie pidulikud s\u00fcndmused suurep\u00e4rasest ideest professionaalse teostuseni. Peep Raun on Eesti pulmamaastiku raudvara, silmapaistev muusik ja peojuht &#8211; konferansjee ning pulmavanem. Kui [&hellip;]<\/p>\n","protected":false},"author":1,"featured_media":0,"parent":0,"menu_order":1,"comment_status":"closed","ping_status":"closed","template":"elementor_header_footer","meta":{"footnotes":""},"class_list":["post-832","page","type-page","status-publish","hentry"],"_links":{"self":[{"href":"https:\/\/www.peepraun.ee\/index.php?rest_route=\/wp\/v2\/pages\/832","targetHints":{"allow":["GET"]}}],"collection":[{"href":"https:\/\/www.peepraun.ee\/index.php?rest_route=\/wp\/v2\/pages"}],"about":[{"href":"https:\/\/www.peepraun.ee\/index.php?rest_route=\/wp\/v2\/types\/page"}],"author":[{"embeddable":true,"href":"https:\/\/www.peepraun.ee\/index.php?rest_route=\/wp\/v2\/users\/1"}],"replies":[{"embeddable":true,"href":"https:\/\/www.peepraun.ee\/index.php?rest_route=%2Fwp%2Fv2%2Fcomments&post=832"}],"version-history":[{"count":5,"href":"https:\/\/www.peepraun.ee\/index.php?rest_route=\/wp\/v2\/pages\/832\/revisions"}],"predecessor-version":[{"id":1143,"href":"https:\/\/www.peepraun.ee\/index.php?rest_route=\/wp\/v2\/pages\/832\/revisions\/1143"}],"wp:attachment":[{"href":"https:\/\/www.peepraun.ee\/index.php?rest_route=%2Fwp%2Fv2%2Fmedia&parent=832"}],"curies":[{"name":"wp","href":"https:\/\/api.w.org\/{rel}","templated":true}]}}